{"id":1274,"date":"2024-03-25T11:40:21","date_gmt":"2024-03-25T11:40:21","guid":{"rendered":"http:\/\/www.ultzanueta.es\/?page_id=1274"},"modified":"2024-04-05T08:37:53","modified_gmt":"2024-04-05T08:37:53","slug":"salaketa-berria","status":"publish","type":"page","link":"https:\/\/www.ultzanueta.es\/eu\/salaketa-berria\/","title":{"rendered":"Salaketa berria"},"content":{"rendered":"<p>Postontzi honen bidez bidalitako salaketak indarrean dagoen legediaren, kodeen, politiken eta erakunde horren barruan egindako edozein jarduera irregular edo desegokiren aurkakoak izan behar dira.<\/p><h3 class='titulo_den'>Salaketa berria<\/h3><form method='POST' enctype='multipart\/form-data' action='\/eu\/wp-json\/wp\/v2\/pages\/1274'><div class='form-group'><label for='asunto'>Gaia<span class='required'>*<\/span><\/label><input id='asunto' class='form-control' type='text' name='asunto' value='' \/><\/div><div class='form-group'><p class='form-text text-muted'>Gertaerak ahalik eta zehatzen deskribatu behar dira, eta egiaztapena errazten duen edozein dokumentazio edo froga-elementu aurkeztu behar da. Informazio sentikorra ematea gomendatzen da, erantsitako fitxategi baten bidez.<\/p><label for='descripcion'>Deskribapena<span class='required'>*<\/span><\/label><textarea id='descripcion' class='form-control' name='descripcion'><\/textarea><\/div><div class='form-group'><label for='adjunto'>Erantsi fitxategia<\/label><input id='adjunto' class='form-control' type='file' name='adjunto' value='' \/><small>Onartutako fitxategi motak: jpeg, gif, png, tiff,webp eta pdf<\/small><\/div><hr><div class='h4'>Harremanetarako datuak<\/div><p>Konfidentzialtasun osoa gordeko da nortasunari dagokionez. Harremanetarako daturik ematen ez baduzu, uko egiten diozu jakinarazpena jasotzeko eskubideari.<\/p><div class='form-group'><label for='nombre'>Izen-abizenak<\/label><input id='nombre' class='form-control' type='text' name='nombre' value='' \/><\/div><div class='form-group'><label for='email'>E-mail<\/label><input id='email' class='form-control' type='text' name='email' value='' \/><\/div><div class='form-group'><input class='btn btn-default btn-denuncias' type='submit' name='enviar' value='Bidali' \/><\/div><input type='hidden' id='g-recaptcha-response' name='g-recaptcha-response'><input type='hidden' name='action' value='validate_captcha'><\/form><script src='https:\/\/www.google.com\/recaptcha\/api.js?render=6LcCkSUlAAAAACWHkCl117YJZqPNDDMXcc51sumP'><\/script><script>grecaptcha.ready(function() {\n\t\t \n\t\t grecaptcha.execute('6LcCkSUlAAAAACWHkCl117YJZqPNDDMXcc51sumP', {action:'validate_captcha'})\n                .then(function(token) {\n\t\t\t document.getElementById('g-recaptcha-response').value = token;\n\t\t });\n    });\n\t<\/script>\n<table class=\"denuncias-lopd\">\n<tbody>\n<tr>\n<th scope=\"row\">Erantzulea<\/th>\n<td>\n<p>Mancomunidad de Servicios Ultzanueta<\/td>\n<\/tr>\n<tr>\n<th scope=\"row\">Helburua<\/th>\n<td>\n<p>Gesti\u00f3n, tramitaci\u00f3n e investigaci\u00f3n de las comunicaciones que lleguen a trav\u00e9s del canal de denuncias.<\/p>\n<p>Mantenimiento del libro registro con las informaciones recibidas y las investigaciones internas que hayan dado lugar, de conformidad con el art. 26 de la Ley 2\/2023.<\/p>\n<\/td>\n<\/tr>\n<tr>\n<th scope=\"row\">Legitimazioa<\/th>\n<td>\n<p>Tratamiento necesario para el cumplimiento de una obligaci\u00f3n legal aplicable al responsable de tratamiento (art. 6.1.c RGPD)<\/p>\n<p>Ley 2\/2023, de 20 de febrero, reguladora de la protecci\u00f3n de las personas que informen sobre infracciones normativas y de lucha contra la corrupci\u00f3n.<\/p>\n<\/td>\n<\/tr>\n<tr>\n<th scope=\"row\">Eskubideak<\/th>\n<td>Acceso, rectificaci\u00f3n, supresi\u00f3n y otros como se indica en la informaci\u00f3n ampliada.<\/td>\n<\/tr>\n<tr>\n<th scope=\"row\">Informazio gehigarria<\/th>\n<td>La informaci\u00f3n ampliada se puede consultar en el apartado de <a href=\"\/eu\/aviso-de-privacidad\">Protecci\u00f3n de datos de la web<\/a> o contactando con el delegado de protecci\u00f3n de datos (<a href=\"mailto:ultzanueta@ultzanueta.es\">ultzanueta@ultzanueta.es<\/a>)<\/td>\n<\/tr>\n<\/tbody>\n<tfoot>\n<tr>\n<td colspan=\"2\">Datuen babesari buruzko oinarrizko informazioa<\/td>\n<\/tr>\n<\/tfoot>\n<\/table>\n<h3 id='buscador-denuncias' class='titulo_den'>Kontsultatu salaketa-egoera<\/h3><form method='GET' action='\/eu\/wp-json\/wp\/v2\/pages\/1274#buscador-denuncias'><p>Salaketa egin zenuenean posta elektroniko bat eman bazenuen, sar ezazu. Bestela, sar ezazu eman zitzaizun salaketa-zenbakia<\/p><div class='form-group'><label for='incidencia-email'>Salaketa-kodea \/ Posta elektronikoa:<\/label><input type='text' name='denuncia' id='incidencia-email' class='form-control' value='' \/><\/div><div class='form-group'><input type='submit' class='btn btn-default btn-denuncias' value='Bilatu' \/><\/div><\/form>\n","protected":false},"excerpt":{"rendered":"<p>Erantzulea Mancomunidad de Servicios Ultzanueta Helburua Gesti\u00f3n, tramitaci\u00f3n e investigaci\u00f3n de las comunicaciones que lleguen a trav\u00e9s del canal de denuncias. Mantenimiento del libro registro con las informaciones recibidas y las investigaciones internas que hayan dado lugar, de conformidad con el art. 26 de la Ley 2\/2023. Legitimazioa Tratamiento necesario para el cumplimiento de una [&hellip;]<\/p>\n","protected":false},"author":1,"featured_media":0,"parent":0,"menu_order":0,"comment_status":"closed","ping_status":"closed","template":"","meta":{"footnotes":""},"class_list":["post-1274","page","type-page","status-publish","hentry"],"yoast_head":"<!-- This site is optimized with the Yoast SEO plugin v26.8 - https:\/\/yoast.com\/product\/yoast-seo-wordpress\/ -->\r\n<title>Salaketa berria - Mancomunidad de Servicios Ultzanueta<\/title>\r\n<meta name=\"robots\" content=\"index, follow, max-snippet:-1, max-image-preview:large, max-video-preview:-1\" \/>\r\n<link rel=\"canonical\" href=\"https:\/\/www.ultzanueta.es\/eu\/salaketa-berria\/\" \/>\r\n<meta property=\"og:locale\" content=\"eu_ES\" \/>\r\n<meta property=\"og:type\" content=\"article\" \/>\r\n<meta property=\"og:title\" content=\"Salaketa berria - Mancomunidad de Servicios Ultzanueta\" \/>\r\n<meta property=\"og:description\" content=\"Erantzulea Mancomunidad de Servicios Ultzanueta Helburua Gesti\u00f3n, tramitaci\u00f3n e investigaci\u00f3n de las comunicaciones que lleguen a trav\u00e9s del canal de denuncias. Mantenimiento del libro registro con las informaciones recibidas y las investigaciones internas que hayan dado lugar, de conformidad con el art. 26 de la Ley 2\/2023. Legitimazioa Tratamiento necesario para el cumplimiento de una [&hellip;]\" \/>\r\n<meta property=\"og:url\" content=\"https:\/\/www.ultzanueta.es\/eu\/salaketa-berria\/\" \/>\r\n<meta property=\"og:site_name\" content=\"Mancomunidad de Servicios Ultzanueta\" \/>\r\n<meta property=\"article:modified_time\" content=\"2024-04-05T08:37:53+00:00\" \/>\r\n<meta name=\"twitter:card\" content=\"summary_large_image\" \/>\r\n<meta name=\"twitter:label1\" content=\"Est. reading time\" \/>\n\t<meta name=\"twitter:data1\" content=\"1 minute\" \/>\r\n<script type=\"application\/ld+json\" class=\"yoast-schema-graph\">{\"@context\":\"https:\/\/schema.org\",\"@graph\":[{\"@type\":\"WebPage\",\"@id\":\"https:\/\/www.ultzanueta.es\/eu\/salaketa-berria\/\",\"url\":\"https:\/\/www.ultzanueta.es\/eu\/salaketa-berria\/\",\"name\":\"Salaketa berria - Mancomunidad de Servicios Ultzanueta\",\"isPartOf\":{\"@id\":\"https:\/\/www.ultzanueta.es\/eu\/#website\"},\"datePublished\":\"2024-03-25T11:40:21+00:00\",\"dateModified\":\"2024-04-05T08:37:53+00:00\",\"breadcrumb\":{\"@id\":\"https:\/\/www.ultzanueta.es\/eu\/salaketa-berria\/#breadcrumb\"},\"inLanguage\":\"eu-ES\",\"potentialAction\":[{\"@type\":\"ReadAction\",\"target\":[\"https:\/\/www.ultzanueta.es\/eu\/salaketa-berria\/\"]}]},{\"@type\":\"BreadcrumbList\",\"@id\":\"https:\/\/www.ultzanueta.es\/eu\/salaketa-berria\/#breadcrumb\",\"itemListElement\":[{\"@type\":\"ListItem\",\"position\":1,\"name\":\"Portada\",\"item\":\"https:\/\/www.ultzanueta.es\/eu\/\"},{\"@type\":\"ListItem\",\"position\":2,\"name\":\"Salaketa berria\"}]},{\"@type\":\"WebSite\",\"@id\":\"https:\/\/www.ultzanueta.es\/eu\/#website\",\"url\":\"https:\/\/www.ultzanueta.es\/eu\/\",\"name\":\"Mancomunidad de Servicios Ultzanueta\",\"description\":\"Sitio web de la Mancomunidad de Servicios Ultzanueta\",\"potentialAction\":[{\"@type\":\"SearchAction\",\"target\":{\"@type\":\"EntryPoint\",\"urlTemplate\":\"https:\/\/www.ultzanueta.es\/eu\/?s={search_term_string}\"},\"query-input\":{\"@type\":\"PropertyValueSpecification\",\"valueRequired\":true,\"valueName\":\"search_term_string\"}}],\"inLanguage\":\"eu-ES\"}]}<\/script>\r\n<!-- \/ Yoast SEO plugin. -->","yoast_head_json":{"title":"Salaketa berria - Mancomunidad de Servicios Ultzanueta","robots":{"index":"index","follow":"follow","max-snippet":"max-snippet:-1","max-image-preview":"max-image-preview:large","max-video-preview":"max-video-preview:-1"},"canonical":"https:\/\/www.ultzanueta.es\/eu\/salaketa-berria\/","og_locale":"eu_ES","og_type":"article","og_title":"Salaketa berria - Mancomunidad de Servicios Ultzanueta","og_description":"Erantzulea Mancomunidad de Servicios Ultzanueta Helburua Gesti\u00f3n, tramitaci\u00f3n e investigaci\u00f3n de las comunicaciones que lleguen a trav\u00e9s del canal de denuncias. Mantenimiento del libro registro con las informaciones recibidas y las investigaciones internas que hayan dado lugar, de conformidad con el art. 26 de la Ley 2\/2023. Legitimazioa Tratamiento necesario para el cumplimiento de una [&hellip;]","og_url":"https:\/\/www.ultzanueta.es\/eu\/salaketa-berria\/","og_site_name":"Mancomunidad de Servicios Ultzanueta","article_modified_time":"2024-04-05T08:37:53+00:00","twitter_card":"summary_large_image","twitter_misc":{"Est. reading time":"1 minute"},"schema":{"@context":"https:\/\/schema.org","@graph":[{"@type":"WebPage","@id":"https:\/\/www.ultzanueta.es\/eu\/salaketa-berria\/","url":"https:\/\/www.ultzanueta.es\/eu\/salaketa-berria\/","name":"Salaketa berria - Mancomunidad de Servicios Ultzanueta","isPartOf":{"@id":"https:\/\/www.ultzanueta.es\/eu\/#website"},"datePublished":"2024-03-25T11:40:21+00:00","dateModified":"2024-04-05T08:37:53+00:00","breadcrumb":{"@id":"https:\/\/www.ultzanueta.es\/eu\/salaketa-berria\/#breadcrumb"},"inLanguage":"eu-ES","potentialAction":[{"@type":"ReadAction","target":["https:\/\/www.ultzanueta.es\/eu\/salaketa-berria\/"]}]},{"@type":"BreadcrumbList","@id":"https:\/\/www.ultzanueta.es\/eu\/salaketa-berria\/#breadcrumb","itemListElement":[{"@type":"ListItem","position":1,"name":"Portada","item":"https:\/\/www.ultzanueta.es\/eu\/"},{"@type":"ListItem","position":2,"name":"Salaketa berria"}]},{"@type":"WebSite","@id":"https:\/\/www.ultzanueta.es\/eu\/#website","url":"https:\/\/www.ultzanueta.es\/eu\/","name":"Mancomunidad de Servicios Ultzanueta","description":"Sitio web de la Mancomunidad de Servicios Ultzanueta","potentialAction":[{"@type":"SearchAction","target":{"@type":"EntryPoint","urlTemplate":"https:\/\/www.ultzanueta.es\/eu\/?s={search_term_string}"},"query-input":{"@type":"PropertyValueSpecification","valueRequired":true,"valueName":"search_term_string"}}],"inLanguage":"eu-ES"}]}},"_links":{"self":[{"href":"https:\/\/www.ultzanueta.es\/eu\/wp-json\/wp\/v2\/pages\/1274","targetHints":{"allow":["GET"]}}],"collection":[{"href":"https:\/\/www.ultzanueta.es\/eu\/wp-json\/wp\/v2\/pages"}],"about":[{"href":"https:\/\/www.ultzanueta.es\/eu\/wp-json\/wp\/v2\/types\/page"}],"author":[{"embeddable":true,"href":"https:\/\/www.ultzanueta.es\/eu\/wp-json\/wp\/v2\/users\/1"}],"replies":[{"embeddable":true,"href":"https:\/\/www.ultzanueta.es\/eu\/wp-json\/wp\/v2\/comments?post=1274"}],"version-history":[{"count":4,"href":"https:\/\/www.ultzanueta.es\/eu\/wp-json\/wp\/v2\/pages\/1274\/revisions"}],"predecessor-version":[{"id":1284,"href":"https:\/\/www.ultzanueta.es\/eu\/wp-json\/wp\/v2\/pages\/1274\/revisions\/1284"}],"wp:attachment":[{"href":"https:\/\/www.ultzanueta.es\/eu\/wp-json\/wp\/v2\/media?parent=1274"}],"curies":[{"name":"wp","href":"https:\/\/api.w.org\/{rel}","templated":true}]}}